{"id":10,"date":"2018-12-28T22:54:07","date_gmt":"2018-12-28T22:54:07","guid":{"rendered":"http:\/\/familienhof.ch\/?page_id=10"},"modified":"2022-01-13T14:28:50","modified_gmt":"2022-01-13T14:28:50","slug":"ueber-uns","status":"publish","type":"page","link":"https:\/\/rotzenwiler-biohof.ch\/index.php\/ueber-uns\/","title":{"rendered":"\u00dcber uns"},"content":{"rendered":"\n<p class=\"has-drop-cap\">Wir sind ein Familienhof in der Gemeinde Muolen auf dem Mutterk\u00fche mit Horn genauso ein Zuhause haben wie Bienen und Katzen. Zum Hof geh\u00f6ren auch verschiedene Obstb\u00e4ume, Hoch-und Niederstamm, alte und neue Sorten.<\/p>\n\n\n\n<!--more-->\n\n\n\n<div class=\"wp-block-media-text alignwide is-stacked-on-mobile\" style=\"grid-template-columns:55% auto\"><figure class=\"wp-block-media-text__media\"><img loading=\"lazy\" decoding=\"async\" width=\"1000\" height=\"667\" src=\"https:\/\/rotzenwiler-biohof.ch\/wp-content\/uploads\/2022\/01\/IMG_4414.jpg\" alt=\"\" class=\"wp-image-1349 size-full\" srcset=\"https:\/\/rotzenwiler-biohof.ch\/wp-content\/uploads\/2022\/01\/IMG_4414.jpg 1000w, https:\/\/rotzenwiler-biohof.ch\/wp-content\/uploads\/2022\/01\/IMG_4414-300x200.jpg 300w, https:\/\/rotzenwiler-biohof.ch\/wp-content\/uploads\/2022\/01\/IMG_4414-768x512.jpg 768w, https:\/\/rotzenwiler-biohof.ch\/wp-content\/uploads\/2022\/01\/IMG_4414-350x233.jpg 350w\" sizes=\"auto, (max-width: 767px) 89vw, (max-width: 1000px) 54vw, (max-width: 1071px) 543px, 580px\" \/><\/figure><div class=\"wp-block-media-text__content\">\n<h2 class=\"wp-block-heading\">K\u00fche <\/h2>\n\n\n\n<p>In unserem Stall leben in ruhiger Atmosph\u00e4re Hornk\u00fche der Rasse orginal Brauvieh in Mutterkuhhaltung.<\/p>\n<\/div><\/div>\n\n\n\n<div class=\"wp-block-media-text alignwide has-media-on-the-right is-stacked-on-mobile\" style=\"grid-template-columns:auto 41%\"><figure class=\"wp-block-media-text__media\"><img loading=\"lazy\" decoding=\"async\" width=\"768\" height=\"1024\" src=\"https:\/\/rotzenwiler-biohof.ch\/wp-content\/uploads\/2022\/01\/567-768x1024.jpeg\" alt=\"\" class=\"wp-image-1343 size-full\" srcset=\"https:\/\/rotzenwiler-biohof.ch\/wp-content\/uploads\/2022\/01\/567-768x1024.jpeg 768w, https:\/\/rotzenwiler-biohof.ch\/wp-content\/uploads\/2022\/01\/567-225x300.jpeg 225w, https:\/\/rotzenwiler-biohof.ch\/wp-content\/uploads\/2022\/01\/567-1152x1536.jpeg 1152w, https:\/\/rotzenwiler-biohof.ch\/wp-content\/uploads\/2022\/01\/567-1536x2048.jpeg 1536w, https:\/\/rotzenwiler-biohof.ch\/wp-content\/uploads\/2022\/01\/567-350x467.jpeg 350w, https:\/\/rotzenwiler-biohof.ch\/wp-content\/uploads\/2022\/01\/567-scaled.jpeg 1920w\" sizes=\"auto, (max-width: 767px) 89vw, (max-width: 1000px) 54vw, (max-width: 1071px) 543px, 580px\" \/><\/figure><div class=\"wp-block-media-text__content\">\n<p>Wir lieben unsere Tiere, tragen Sorge zu unserem Land, unseren Pflanzen und allen Lebewesen. Nachhaltigkeit ist unser Begleiter. <\/p>\n<\/div><\/div>\n","protected":false},"excerpt":{"rendered":"<p>Wir sind ein Familienhof in der Gemeinde Muolen auf dem Mutterk\u00fche mit Horn genauso ein Zuhause haben wie Bienen und Katzen. Zum Hof geh\u00f6ren auch verschiedene Obstb\u00e4ume, Hoch-und Niederstamm, alte und neue Sorten.<\/p>\n","protected":false},"author":1,"featured_media":33,"parent":0,"menu_order":0,"comment_status":"closed","ping_status":"closed","template":"","meta":{"footnotes":""},"class_list":["post-10","page","type-page","status-publish","has-post-thumbnail","hentry"],"yoast_head":"<!-- This site is optimized with the Yoast SEO plugin v27.5 - https:\/\/yoast.com\/product\/yoast-seo-wordpress\/ -->\n<title>\u00dcber uns - Rotzenwiler Biohof<\/title>\n<meta name=\"robots\" content=\"index, follow, max-snippet:-1, max-image-preview:large, max-video-preview:-1\" \/>\n<link rel=\"canonical\" href=\"https:\/\/rotzenwiler-biohof.ch\/index.php\/ueber-uns\/\" \/>\n<meta property=\"og:locale\" content=\"de_DE\" \/>\n<meta property=\"og:type\" content=\"article\" \/>\n<meta property=\"og:title\" content=\"\u00dcber uns - Rotzenwiler Biohof\" \/>\n<meta property=\"og:description\" content=\"Wir sind ein Familienhof in der Gemeinde Muolen auf dem Mutterk\u00fche mit Horn genauso ein Zuhause haben wie Bienen und Katzen. Zum Hof geh\u00f6ren auch verschiedene Obstb\u00e4ume, Hoch-und Niederstamm, alte und neue Sorten.\" \/>\n<meta property=\"og:url\" content=\"https:\/\/rotzenwiler-biohof.ch\/index.php\/ueber-uns\/\" \/>\n<meta property=\"og:site_name\" content=\"Rotzenwiler Biohof\" \/>\n<meta property=\"article:modified_time\" content=\"2022-01-13T14:28:50+00:00\" \/>\n<meta property=\"og:image\" content=\"https:\/\/rotzenwiler-biohof.ch\/wp-content\/uploads\/2019\/03\/IMG_2980.jpg\" \/>\n\t<meta property=\"og:image:width\" content=\"2000\" \/>\n\t<meta property=\"og:image:height\" content=\"1200\" \/>\n\t<meta property=\"og:image:type\" content=\"image\/jpeg\" \/>\n<meta name=\"twitter:card\" content=\"summary_large_image\" \/>\n<meta name=\"twitter:label1\" content=\"Gesch\u00e4tzte Lesezeit\" \/>\n\t<meta name=\"twitter:data1\" content=\"1\u00a0Minute\" \/>\n<script type=\"application\/ld+json\" class=\"yoast-schema-graph\">{\"@context\":\"https:\\\/\\\/schema.org\",\"@graph\":[{\"@type\":\"WebPage\",\"@id\":\"https:\\\/\\\/rotzenwiler-biohof.ch\\\/index.php\\\/ueber-uns\\\/\",\"url\":\"https:\\\/\\\/rotzenwiler-biohof.ch\\\/index.php\\\/ueber-uns\\\/\",\"name\":\"\u00dcber uns - Rotzenwiler Biohof\",\"isPartOf\":{\"@id\":\"https:\\\/\\\/rotzenwiler-biohof.ch\\\/#website\"},\"primaryImageOfPage\":{\"@id\":\"https:\\\/\\\/rotzenwiler-biohof.ch\\\/index.php\\\/ueber-uns\\\/#primaryimage\"},\"image\":{\"@id\":\"https:\\\/\\\/rotzenwiler-biohof.ch\\\/index.php\\\/ueber-uns\\\/#primaryimage\"},\"thumbnailUrl\":\"https:\\\/\\\/rotzenwiler-biohof.ch\\\/wp-content\\\/uploads\\\/2019\\\/03\\\/IMG_2980.jpg\",\"datePublished\":\"2018-12-28T22:54:07+00:00\",\"dateModified\":\"2022-01-13T14:28:50+00:00\",\"breadcrumb\":{\"@id\":\"https:\\\/\\\/rotzenwiler-biohof.ch\\\/index.php\\\/ueber-uns\\\/#breadcrumb\"},\"inLanguage\":\"de-CH\",\"potentialAction\":[{\"@type\":\"ReadAction\",\"target\":[\"https:\\\/\\\/rotzenwiler-biohof.ch\\\/index.php\\\/ueber-uns\\\/\"]}]},{\"@type\":\"ImageObject\",\"inLanguage\":\"de-CH\",\"@id\":\"https:\\\/\\\/rotzenwiler-biohof.ch\\\/index.php\\\/ueber-uns\\\/#primaryimage\",\"url\":\"https:\\\/\\\/rotzenwiler-biohof.ch\\\/wp-content\\\/uploads\\\/2019\\\/03\\\/IMG_2980.jpg\",\"contentUrl\":\"https:\\\/\\\/rotzenwiler-biohof.ch\\\/wp-content\\\/uploads\\\/2019\\\/03\\\/IMG_2980.jpg\",\"width\":2000,\"height\":1200},{\"@type\":\"BreadcrumbList\",\"@id\":\"https:\\\/\\\/rotzenwiler-biohof.ch\\\/index.php\\\/ueber-uns\\\/#breadcrumb\",\"itemListElement\":[{\"@type\":\"ListItem\",\"position\":1,\"name\":\"Home\",\"item\":\"https:\\\/\\\/rotzenwiler-biohof.ch\\\/\"},{\"@type\":\"ListItem\",\"position\":2,\"name\":\"\u00dcber uns\"}]},{\"@type\":\"WebSite\",\"@id\":\"https:\\\/\\\/rotzenwiler-biohof.ch\\\/#website\",\"url\":\"https:\\\/\\\/rotzenwiler-biohof.ch\\\/\",\"name\":\"Rotzenwiler Biohof\",\"description\":\"\",\"potentialAction\":[{\"@type\":\"SearchAction\",\"target\":{\"@type\":\"EntryPoint\",\"urlTemplate\":\"https:\\\/\\\/rotzenwiler-biohof.ch\\\/?s={search_term_string}\"},\"query-input\":{\"@type\":\"PropertyValueSpecification\",\"valueRequired\":true,\"valueName\":\"search_term_string\"}}],\"inLanguage\":\"de-CH\"}]}<\/script>\n<!-- \/ Yoast SEO plugin. -->","yoast_head_json":{"title":"\u00dcber uns - Rotzenwiler Biohof","robots":{"index":"index","follow":"follow","max-snippet":"max-snippet:-1","max-image-preview":"max-image-preview:large","max-video-preview":"max-video-preview:-1"},"canonical":"https:\/\/rotzenwiler-biohof.ch\/index.php\/ueber-uns\/","og_locale":"de_DE","og_type":"article","og_title":"\u00dcber uns - Rotzenwiler Biohof","og_description":"Wir sind ein Familienhof in der Gemeinde Muolen auf dem Mutterk\u00fche mit Horn genauso ein Zuhause haben wie Bienen und Katzen. Zum Hof geh\u00f6ren auch verschiedene Obstb\u00e4ume, Hoch-und Niederstamm, alte und neue Sorten.","og_url":"https:\/\/rotzenwiler-biohof.ch\/index.php\/ueber-uns\/","og_site_name":"Rotzenwiler Biohof","article_modified_time":"2022-01-13T14:28:50+00:00","og_image":[{"width":2000,"height":1200,"url":"https:\/\/rotzenwiler-biohof.ch\/wp-content\/uploads\/2019\/03\/IMG_2980.jpg","type":"image\/jpeg"}],"twitter_card":"summary_large_image","twitter_misc":{"Gesch\u00e4tzte Lesezeit":"1\u00a0Minute"},"schema":{"@context":"https:\/\/schema.org","@graph":[{"@type":"WebPage","@id":"https:\/\/rotzenwiler-biohof.ch\/index.php\/ueber-uns\/","url":"https:\/\/rotzenwiler-biohof.ch\/index.php\/ueber-uns\/","name":"\u00dcber uns - Rotzenwiler Biohof","isPartOf":{"@id":"https:\/\/rotzenwiler-biohof.ch\/#website"},"primaryImageOfPage":{"@id":"https:\/\/rotzenwiler-biohof.ch\/index.php\/ueber-uns\/#primaryimage"},"image":{"@id":"https:\/\/rotzenwiler-biohof.ch\/index.php\/ueber-uns\/#primaryimage"},"thumbnailUrl":"https:\/\/rotzenwiler-biohof.ch\/wp-content\/uploads\/2019\/03\/IMG_2980.jpg","datePublished":"2018-12-28T22:54:07+00:00","dateModified":"2022-01-13T14:28:50+00:00","breadcrumb":{"@id":"https:\/\/rotzenwiler-biohof.ch\/index.php\/ueber-uns\/#breadcrumb"},"inLanguage":"de-CH","potentialAction":[{"@type":"ReadAction","target":["https:\/\/rotzenwiler-biohof.ch\/index.php\/ueber-uns\/"]}]},{"@type":"ImageObject","inLanguage":"de-CH","@id":"https:\/\/rotzenwiler-biohof.ch\/index.php\/ueber-uns\/#primaryimage","url":"https:\/\/rotzenwiler-biohof.ch\/wp-content\/uploads\/2019\/03\/IMG_2980.jpg","contentUrl":"https:\/\/rotzenwiler-biohof.ch\/wp-content\/uploads\/2019\/03\/IMG_2980.jpg","width":2000,"height":1200},{"@type":"BreadcrumbList","@id":"https:\/\/rotzenwiler-biohof.ch\/index.php\/ueber-uns\/#breadcrumb","itemListElement":[{"@type":"ListItem","position":1,"name":"Home","item":"https:\/\/rotzenwiler-biohof.ch\/"},{"@type":"ListItem","position":2,"name":"\u00dcber uns"}]},{"@type":"WebSite","@id":"https:\/\/rotzenwiler-biohof.ch\/#website","url":"https:\/\/rotzenwiler-biohof.ch\/","name":"Rotzenwiler Biohof","description":"","potentialAction":[{"@type":"SearchAction","target":{"@type":"EntryPoint","urlTemplate":"https:\/\/rotzenwiler-biohof.ch\/?s={search_term_string}"},"query-input":{"@type":"PropertyValueSpecification","valueRequired":true,"valueName":"search_term_string"}}],"inLanguage":"de-CH"}]}},"_links":{"self":[{"href":"https:\/\/rotzenwiler-biohof.ch\/index.php\/wp-json\/wp\/v2\/pages\/10","targetHints":{"allow":["GET"]}}],"collection":[{"href":"https:\/\/rotzenwiler-biohof.ch\/index.php\/wp-json\/wp\/v2\/pages"}],"about":[{"href":"https:\/\/rotzenwiler-biohof.ch\/index.php\/wp-json\/wp\/v2\/types\/page"}],"author":[{"embeddable":true,"href":"https:\/\/rotzenwiler-biohof.ch\/index.php\/wp-json\/wp\/v2\/users\/1"}],"replies":[{"embeddable":true,"href":"https:\/\/rotzenwiler-biohof.ch\/index.php\/wp-json\/wp\/v2\/comments?post=10"}],"version-history":[{"count":20,"href":"https:\/\/rotzenwiler-biohof.ch\/index.php\/wp-json\/wp\/v2\/pages\/10\/revisions"}],"predecessor-version":[{"id":1350,"href":"https:\/\/rotzenwiler-biohof.ch\/index.php\/wp-json\/wp\/v2\/pages\/10\/revisions\/1350"}],"wp:featuredmedia":[{"embeddable":true,"href":"https:\/\/rotzenwiler-biohof.ch\/index.php\/wp-json\/wp\/v2\/media\/33"}],"wp:attachment":[{"href":"https:\/\/rotzenwiler-biohof.ch\/index.php\/wp-json\/wp\/v2\/media?parent=10"}],"curies":[{"name":"wp","href":"https:\/\/api.w.org\/{rel}","templated":true}]}}